{"id":1091,"date":"2023-03-18T18:16:46","date_gmt":"2023-03-18T17:16:46","guid":{"rendered":"https:\/\/energeia-publishing.com\/news\/"},"modified":"2023-03-20T12:25:16","modified_gmt":"2023-03-20T11:25:16","slug":"news","status":"publish","type":"page","link":"https:\/\/energeia-publishing.com\/de\/news\/","title":{"rendered":"News"},"content":{"rendered":"<h4><strong>20. M\u00e4rz 2023 &#8211; Stellungnahme zur Deutschen &#8222;PV-Strategie 2023&#8220;<\/strong><\/h4>\n<style>\/*! elementor - v3.8.0 - 30-10-2022 *\/\n.elementor-widget-image{text-align:center}.elementor-widget-image a{display:inline-block}.elementor-widget-image a img[src$=\".svg\"]{width:48px}.elementor-widget-image img{vertical-align:middle;display:inline-block}<\/style>\n<p>\t\t\t\t\t\t\t\t\t\t\t\t\t<a href=\"https:\/\/energeia-publishing.com\/wp-content\/uploads\/2023\/03\/2023-03-20b-Schernikau-Stellungnahme-BMWK-Solarstrategie.pdf\" target=\"_blank\" rel=\"noopener\"><br \/>\n\t\t\t\t\t\t\t<img decoding=\"async\" width=\"215\" height=\"300\" src=\"https:\/\/energeia-publishing.com\/wp-content\/uploads\/2023\/03\/PVStrategie-215x300.jpg\" alt=\"\" loading=\"lazy\" srcset=\"https:\/\/energeia-publishing.com\/wp-content\/uploads\/2023\/03\/PVStrategie-215x300.jpg 215w, https:\/\/energeia-publishing.com\/wp-content\/uploads\/2023\/03\/PVStrategie-733x1024.jpg 733w, https:\/\/energeia-publishing.com\/wp-content\/uploads\/2023\/03\/PVStrategie-768x1072.jpg 768w, https:\/\/energeia-publishing.com\/wp-content\/uploads\/2023\/03\/PVStrategie-1100x1536.jpg 1100w, https:\/\/energeia-publishing.com\/wp-content\/uploads\/2023\/03\/PVStrategie.jpg 1181w\" sizes=\"auto, (max-width: 215px) 100vw, 215px\" \/>\t\t\t\t\t\t\t\t<\/a><\/p>\n<p>Anfang M\u00e4rz 2023 bat das Deutsche <strong>Bundesministerium f\u00fcr Wirtschaft Und Klima (BMWK)<\/strong> um Stellungnahme der B\u00fcrger zu ihrer &#8222;Photovoltaic Strategie&#8220; (<a href=\"https:\/\/www.bmwk.de\/Redaktion\/DE\/Publikationen\/Energie\/photovoltaik-stategie-2023.pdf?__blob=publicationFile&amp;v=6#:~:text=Auf%20einem%20zwei%2D%20ten%20PV,(Solarpaket%20I%20und%20II).&amp;text=Deutschland%20hat%20sich%20das%20Ziel,Jahr%202045%20treibhausgasneutral%20zu%20sein.\" target=\"_blank\" rel=\"noopener\">download here<\/a>). Diese Stellungnahme war bis zum 23. M\u00e4rz m\u00f6glich.<\/p>\n<p>Lars Schernikau zeigt in seiner Antwort eine Auswahl an Kernthemen auf, die bei der PV-Strategie weitgehend unber\u00fccksichtigt bleiben. Diese Aussagen wurden bereits mehrfach gesamtheitlich oder teilweise \u00f6ffentlich von verschiedenen deutschen Energie\u00f6konomen vorgetragen. Folgende 4 Kernthemen werden ber\u00fccksichtigt. <br \/> a) Energiekosten, <br \/> b) Energienachfrage, Nutzungsgrade und Speicher<br \/> c) Energieeffizienz, und <br \/> d) Systemintegration\/Systemstabilit\u00e4t &amp; Marktwert weitere Solarpaneele<\/p>\n<p>Lars&#8216; Stellungnahme ist als offener Brief verfasst, wurde in den Medien \u00f6ffentlich publiziert und kann hier runtergeladen werden. &#8211;<\/p>\n<p><a href=\"https:\/\/energeia-publishing.com\/wp-content\/uploads\/2023\/03\/2023-03-20b-Schernikau-Stellungnahme-BMWK-Solarstrategie.pdf\" target=\"_blank\" rel=\"noopener\">Download Lars Schernikau&#8217;s Stellungnahme (PDF)<\/a><\/p>\n<style>\/*! elementor - v3.8.0 - 30-10-2022 *\/\n.elementor-column .elementor-spacer-inner{height:var(--spacer-size)}.e-con{--container-widget-width:100%}.e-con-inner>.elementor-widget-spacer,.e-con>.elementor-widget-spacer{width:var(--container-widget-width,var(--spacer-size));-ms-flex-item-align:stretch;align-self:stretch;-ms-flex-negative:0;flex-shrink:0}.e-con-inner>.elementor-widget-spacer>.elementor-widget-container,.e-con-inner>.elementor-widget-spacer>.elementor-widget-container>.elementor-spacer,.e-con>.elementor-widget-spacer>.elementor-widget-container,.e-con>.elementor-widget-spacer>.elementor-widget-container>.elementor-spacer{height:100%}.e-con-inner>.elementor-widget-spacer>.elementor-widget-container>.elementor-spacer>.elementor-spacer-inner,.e-con>.elementor-widget-spacer>.elementor-widget-container>.elementor-spacer>.elementor-spacer-inner{height:var(--container-widget-height,var(--spacer-size))}<\/style>\n","protected":false},"excerpt":{"rendered":"<p>20. M\u00e4rz 2023 &#8211; Stellungnahme zur Deutschen &#8222;PV-Strategie 2023&#8220; Anfang M\u00e4rz 2023 bat das Deutsche Bundesministerium f\u00fcr Wirtschaft Und Klima (BMWK) um Stellungnahme der B\u00fcrger zu ihrer &#8222;Photovoltaic Strategie&#8220; (download here). Diese Stellungnahme war bis zum 23. M\u00e4rz m\u00f6glich. Lars Schernikau zeigt in seiner Antwort eine Auswahl an Kernthemen auf, die bei der PV-Strategie weitgehend [&hellip;]<\/p>\n","protected":false},"author":4,"featured_media":0,"parent":0,"menu_order":0,"comment_status":"closed","ping_status":"closed","template":"","meta":{"footnotes":""},"class_list":["post-1091","page","type-page","status-publish","hentry"],"_links":{"self":[{"href":"https:\/\/energeia-publishing.com\/de\/wp-json\/wp\/v2\/pages\/1091","targetHints":{"allow":["GET"]}}],"collection":[{"href":"https:\/\/energeia-publishing.com\/de\/wp-json\/wp\/v2\/pages"}],"about":[{"href":"https:\/\/energeia-publishing.com\/de\/wp-json\/wp\/v2\/types\/page"}],"author":[{"embeddable":true,"href":"https:\/\/energeia-publishing.com\/de\/wp-json\/wp\/v2\/users\/4"}],"replies":[{"embeddable":true,"href":"https:\/\/energeia-publishing.com\/de\/wp-json\/wp\/v2\/comments?post=1091"}],"version-history":[{"count":10,"href":"https:\/\/energeia-publishing.com\/de\/wp-json\/wp\/v2\/pages\/1091\/revisions"}],"predecessor-version":[{"id":1163,"href":"https:\/\/energeia-publishing.com\/de\/wp-json\/wp\/v2\/pages\/1091\/revisions\/1163"}],"wp:attachment":[{"href":"https:\/\/energeia-publishing.com\/de\/wp-json\/wp\/v2\/media?parent=1091"}],"curies":[{"name":"wp","href":"https:\/\/api.w.org\/{rel}","templated":true}]}}